{"id":154,"date":"2023-06-08T20:23:57","date_gmt":"2023-06-08T20:23:57","guid":{"rendered":"https:\/\/bergrennen.rulers-place.de\/?page_id=154"},"modified":"2025-01-22T17:44:11","modified_gmt":"2025-01-22T17:44:11","slug":"impressum","status":"publish","type":"page","link":"https:\/\/berg-meisterschaft.de\/?page_id=154","title":{"rendered":"Impressum"},"content":{"rendered":"\t\t<div data-elementor-type=\"wp-page\" data-elementor-id=\"154\" class=\"elementor elementor-154\">\n\t\t\t\t<div class=\"elementor-element elementor-element-548db0de e-con-full e-flex e-con e-parent\" data-id=\"548db0de\" data-element_type=\"container\" data-settings=\"{&quot;background_background&quot;:&quot;classic&quot;,&quot;content_width&quot;:&quot;full&quot;,&quot;container_type&quot;:&quot;flex&quot;}\" data-e-bg-lazyload=\"\" data-core-v316-plus=\"true\">\n\t\t<div class=\"elementor-element elementor-element-185f25e3 e-flex e-con-boxed e-con e-child\" data-id=\"185f25e3\" data-element_type=\"container\" data-settings=\"{&quot;container_type&quot;:&quot;flex&quot;,&quot;content_width&quot;:&quot;boxed&quot;}\">\n\t\t\t\t\t<div class=\"e-con-inner\">\n\t\t\t\t<div class=\"elementor-element elementor-element-692e3040 elementor-widget elementor-widget-heading\" data-id=\"692e3040\" data-element_type=\"widget\" data-widget_type=\"heading.default\">\n\t\t\t\t<div class=\"elementor-widget-container\">\n\t\t\t<style>\/*! elementor - v3.19.0 - 24-01-2024 *\/\n.elementor-heading-title{padding:0;margin:0;line-height:1}.elementor-widget-heading .elementor-heading-title[class*=elementor-size-]>a{color:inherit;font-size:inherit;line-height:inherit}.elementor-widget-heading .elementor-heading-title.elementor-size-small{font-size:15px}.elementor-widget-heading .elementor-heading-title.elementor-size-medium{font-size:19px}.elementor-widget-heading .elementor-heading-title.elementor-size-large{font-size:29px}.elementor-widget-heading .elementor-heading-title.elementor-size-xl{font-size:39px}.elementor-widget-heading .elementor-heading-title.elementor-size-xxl{font-size:59px}<\/style><h2 class=\"elementor-heading-title elementor-size-default\">Impressum<\/h2>\t\t<\/div>\n\t\t\t\t<\/div>\n\t\t\t\t\t<\/div>\n\t\t\t\t<\/div>\n\t\t\t\t<\/div>\n\t\t<div class=\"elementor-element elementor-element-e907bf0 e-flex e-con-boxed e-con e-parent\" data-id=\"e907bf0\" data-element_type=\"container\" data-settings=\"{&quot;container_type&quot;:&quot;flex&quot;,&quot;content_width&quot;:&quot;boxed&quot;}\" data-core-v316-plus=\"true\">\n\t\t\t\t\t<div class=\"e-con-inner\">\n\t\t<div class=\"elementor-element elementor-element-93c7e42 e-flex e-con-boxed e-con e-child\" data-id=\"93c7e42\" data-element_type=\"container\" data-settings=\"{&quot;container_type&quot;:&quot;flex&quot;,&quot;content_width&quot;:&quot;boxed&quot;}\">\n\t\t\t\t\t<div class=\"e-con-inner\">\n\t\t\t\t<div class=\"elementor-element elementor-element-29d0ba7 elementor-widget elementor-widget-text-editor\" data-id=\"29d0ba7\" data-element_type=\"widget\" data-widget_type=\"text-editor.default\">\n\t\t\t\t<div class=\"elementor-widget-container\">\n\t\t\t<style>\/*! elementor - v3.19.0 - 24-01-2024 *\/\n.elementor-widget-text-editor.elementor-drop-cap-view-stacked .elementor-drop-cap{background-color:#69727d;color:#fff}.elementor-widget-text-editor.elementor-drop-cap-view-framed .elementor-drop-cap{color:#69727d;border:3px solid;background-color:transparent}.elementor-widget-text-editor:not(.elementor-drop-cap-view-default) .elementor-drop-cap{margin-top:8px}.elementor-widget-text-editor:not(.elementor-drop-cap-view-default) .elementor-drop-cap-letter{width:1em;height:1em}.elementor-widget-text-editor .elementor-drop-cap{float:left;text-align:center;line-height:1;font-size:50px}.elementor-widget-text-editor .elementor-drop-cap-letter{display:inline-block}<\/style>\t\t\t\t<h1>Haftungsausschluss (Disclaimer)<\/h1><p><strong>Haftung f\u00fcr Inhalte<\/strong><\/p><p>Als Diensteanbieter sind wir gem\u00e4\u00df \u00a7 7 Abs.1 TMG f\u00fcr eigene Inhalte auf diesen Seiten nach den allgemeinen Gesetzen verantwortlich. Nach \u00a7\u00a7 8 bis 10 TMG sind wir als Diensteanbieter jedoch nicht verpflichtet, \u00fcbermittelte oder gespeicherte fremde Informationen zu \u00fcberwachen oder nach Umst\u00e4nden zu forschen, die auf eine rechtswidrige T\u00e4tigkeit hinweisen. Verpflichtungen zur Entfernung oder Sperrung der Nutzung von Informationen nach den allgemeinen Gesetzen bleiben hiervon unber\u00fchrt. Eine diesbez\u00fcgliche Haftung ist jedoch erst ab dem Zeitpunkt der Kenntnis einer konkreten Rechtsverletzung m\u00f6glich. Bei Bekanntwerden von entsprechenden Rechtsverletzungen werden wir diese Inhalte umgehend entfernen.<\/p><p><strong>Haftung f\u00fcr Links<\/strong><\/p><p>Unser Angebot enth\u00e4lt Links zu externen Webseiten Dritter, auf deren Inhalte wir keinen Einfluss haben. Deshalb k\u00f6nnen wir f\u00fcr diese fremden Inhalte auch keine Gew\u00e4hr \u00fcbernehmen. F\u00fcr die Inhalte der verlinkten Seiten ist stets der jeweilige Anbieter oder Betreiber der Seiten verantwortlich. Die verlinkten Seiten wurden zum Zeitpunkt der Verlinkung auf m\u00f6gliche Rechtsverst\u00f6\u00dfe \u00fcberpr\u00fcft. Rechtswidrige Inhalte waren zum Zeitpunkt der Verlinkung nicht erkennbar. Eine permanente inhaltliche Kontrolle der verlinkten Seiten ist jedoch ohne konkrete Anhaltspunkte einer Rechtsverletzung nicht zumutbar. Bei Bekanntwerden von Rechtsverletzungen werden wir derartige Links umgehend entfernen.<\/p><p><strong>Urheberrecht<\/strong><\/p><p>Die durch die Seitenbetreiber erstellten Inhalte und Werke auf diesen Seiten unterliegen dem deutschen Urheberrecht. Die Vervielf\u00e4ltigung, Bearbeitung, Verbreitung und jede Art der Verwertung au\u00dferhalb der Grenzen des Urheberrechtes bed\u00fcrfen der schriftlichen Zustimmung des jeweiligen Autors bzw. Erstellers. Downloads und Kopien dieser Seite sind nur f\u00fcr den privaten, nicht kommerziellen Gebrauch gestattet. Soweit die Inhalte auf dieser Seite nicht vom Betreiber erstellt wurden, werden die Urheberrechte Dritter beachtet. Insbesondere werden Inhalte Dritter als solche gekennzeichnet. Sollten Sie trotzdem auf eine Urheberrechtsverletzung aufmerksam werden, bitten wir um einen entsprechenden Hinweis. Bei Bekanntwerden von Rechtsverletzungen werden wir derartige Inhalte umgehend entfernen.<\/p><div class=\"ig_attention\"><ol><li>Stellen Sie die Datenschutzerkl\u00e4rung auf einer separaten Seite ein. Verlinken Sie diese mit \u201eDatenschutz\u201c gut sichtbar von allen Seiten.<\/li><li><strong>F\u00fcr Online Shops ist dieses Muster nicht geeignet<\/strong>. <a href=\"http:\/\/seiten.e-recht24.de\/widerruf\/\">Hier finden Sie eine Datenschutzerkl\u00e4rung f\u00fcr Onlineshops, eBay, Amazon &amp; Co.<\/a><\/li><\/ol><\/div><h1>\u00a0<\/h1>\t\t\t\t\t\t<\/div>\n\t\t\t\t<\/div>\n\t\t\t\t<div class=\"elementor-element elementor-element-10e0feb elementor-widget elementor-widget-text-editor\" data-id=\"10e0feb\" data-element_type=\"widget\" data-widget_type=\"text-editor.default\">\n\t\t\t\t<div class=\"elementor-widget-container\">\n\t\t\t\t\t\t\t<p><strong>Betreiber dieser Webseite:<\/strong><br \/>Bergrennen in Deutschland<br \/>c\/o Thomas Bubel<br \/>Hasen\u00e4ckerstr. 35<br \/>D-66424 Homburg \/ Saar<br \/>Deutschland<\/p><p><strong>Mitarbeiter der Redaktion:<\/strong><br \/>\u2013 Thomas Bubel (Editor)<br \/>\u2013 Heinz M\u00f6singer<br \/>\u2013 Tom Rischar<br \/>\u2013 Peter Schabernack (A)<br \/>\u2013 Peter Wyss (CH)<\/p><p><strong>Foto- Videografen:<\/strong><br \/>\u2013 Thomas Bubel<br \/>\u2013 Heinz M\u00f6singer<br \/>\u2013 Andreas Eckert<br \/>\u2013 Leon Berchem<br \/>\u2013 Christophe Daval (F)<\/p><p><strong>Redaktion und Webseitenbetreuung:<br \/><\/strong>Bergrennen in Deutschland<br \/>Thomas Bubel<br \/>Hasen\u00e4ckerstr. 35<br \/>D-66424 Homburg \/ Saar<br \/>Deutschland<\/p><p>Tel: +49 (0)6841 755725<br \/>Tel: +49 (0)160 5532977<br \/>eMail: <a href=\"mailto:thomasbubel@t-online.de\">thomasbubel@t-online.de<br \/><\/a>Web: <a href=\"http:\/\/www.berg-meisterschaft.de\">www.berg-meisterschaft.de<\/a><\/p>\t\t\t\t\t\t<\/div>\n\t\t\t\t<\/div>\n\t\t\t\t\t<\/div>\n\t\t\t\t<\/div>\n\t\t\t\t\t<\/div>\n\t\t\t\t<\/div>\n\t\t<div class=\"elementor-element elementor-element-d20591a e-flex e-con-boxed e-con e-parent\" data-id=\"d20591a\" data-element_type=\"container\" data-settings=\"{&quot;container_type&quot;:&quot;flex&quot;,&quot;content_width&quot;:&quot;boxed&quot;}\" data-core-v316-plus=\"true\">\n\t\t\t\t\t<div class=\"e-con-inner\">\n\t\t\t\t<div class=\"elementor-element elementor-element-85e3ef1 elementor-widget elementor-widget-image\" data-id=\"85e3ef1\" data-element_type=\"widget\" data-widget_type=\"image.default\">\n\t\t\t\t<div class=\"elementor-widget-container\">\n\t\t\t<style>\/*! elementor - v3.19.0 - 24-01-2024 *\/\n.elementor-widget-image{text-align:center}.elementor-widget-image a{display:inline-block}.elementor-widget-image a img[src$=\".svg\"]{width:48px}.elementor-widget-image img{vertical-align:middle;display:inline-block}<\/style>\t\t\t\t\t\t\t\t\t\t<img fetchpriority=\"high\" decoding=\"async\" width=\"1024\" height=\"683\" src=\"https:\/\/berg-meisterschaft.de\/wp-content\/uploads\/2023\/07\/bubel_thomas_eschdorf_2018-1024x683.jpg\" class=\"attachment-large size-large wp-image-713\" alt=\"\" srcset=\"https:\/\/berg-meisterschaft.de\/wp-content\/uploads\/2023\/07\/bubel_thomas_eschdorf_2018-1024x683.jpg 1024w, https:\/\/berg-meisterschaft.de\/wp-content\/uploads\/2023\/07\/bubel_thomas_eschdorf_2018-300x200.jpg 300w, https:\/\/berg-meisterschaft.de\/wp-content\/uploads\/2023\/07\/bubel_thomas_eschdorf_2018-768x512.jpg 768w, https:\/\/berg-meisterschaft.de\/wp-content\/uploads\/2023\/07\/bubel_thomas_eschdorf_2018.jpg 1050w\" sizes=\"(max-width: 1024px) 100vw, 1024px\" \/>\t\t\t\t\t\t\t\t\t\t\t\t\t<\/div>\n\t\t\t\t<\/div>\n\t\t\t\t\t<\/div>\n\t\t\t\t<\/div>\n\t\t\t\t<\/div>\n\t\t","protected":false},"excerpt":{"rendered":"<p>Impressum Haftungsausschluss (Disclaimer) Haftung f\u00fcr Inhalte Als Diensteanbieter sind wir gem\u00e4\u00df \u00a7 7 Abs.1 TMG f\u00fcr eigene Inhalte auf diesen Seiten nach den allgemeinen Gesetzen verantwortlich. Nach \u00a7\u00a7 8 bis 10 TMG sind wir als Diensteanbieter jedoch nicht verpflichtet, \u00fcbermittelte oder gespeicherte fremde Informationen zu \u00fcberwachen oder nach Umst\u00e4nden zu forschen, die auf eine rechtswidrige [&hellip;]<\/p>\n","protected":false},"author":1,"featured_media":0,"parent":0,"menu_order":0,"comment_status":"closed","ping_status":"closed","template":"elementor_header_footer","meta":{"footnotes":""},"class_list":["post-154","page","type-page","status-publish","hentry"],"blocksy_meta":[],"_links":{"self":[{"href":"https:\/\/berg-meisterschaft.de\/index.php?rest_route=\/wp\/v2\/pages\/154","targetHints":{"allow":["GET"]}}],"collection":[{"href":"https:\/\/berg-meisterschaft.de\/index.php?rest_route=\/wp\/v2\/pages"}],"about":[{"href":"https:\/\/berg-meisterschaft.de\/index.php?rest_route=\/wp\/v2\/types\/page"}],"author":[{"embeddable":true,"href":"https:\/\/berg-meisterschaft.de\/index.php?rest_route=\/wp\/v2\/users\/1"}],"replies":[{"embeddable":true,"href":"https:\/\/berg-meisterschaft.de\/index.php?rest_route=%2Fwp%2Fv2%2Fcomments&post=154"}],"version-history":[{"count":26,"href":"https:\/\/berg-meisterschaft.de\/index.php?rest_route=\/wp\/v2\/pages\/154\/revisions"}],"predecessor-version":[{"id":4271,"href":"https:\/\/berg-meisterschaft.de\/index.php?rest_route=\/wp\/v2\/pages\/154\/revisions\/4271"}],"wp:attachment":[{"href":"https:\/\/berg-meisterschaft.de\/index.php?rest_route=%2Fwp%2Fv2%2Fmedia&parent=154"}],"curies":[{"name":"wp","href":"https:\/\/api.w.org\/{rel}","templated":true}]}}